{"id":138,"date":"2017-06-20T11:18:15","date_gmt":"2017-06-20T11:18:15","guid":{"rendered":"http:\/\/exposiciontlc.tecnologialibredeconflicto.org\/?page_id=138"},"modified":"2018-02-25T08:54:53","modified_gmt":"2018-02-25T08:54:53","slug":"ivan-benitez-2","status":"publish","type":"page","link":"https:\/\/exposiciontlc.tecnologialibredeconflicto.org\/en\/ivan-benitez-2\/","title":{"rendered":"Iv\u00e1n Ben\u00edtez"},"content":{"rendered":"<blockquote>\n<h2>Iv\u00e1n Ben\u00edtez<\/h2>\n<\/blockquote>\n<p><img loading=\"lazy\" decoding=\"async\" class=\"wp-image-133 alignleft\" src=\"http:\/\/exposiciontlc.tecnologialibredeconflicto.org\/wp-content\/uploads\/sites\/3\/2017\/06\/ivanBenitez.jpeg\" alt=\"\" width=\"157\" height=\"239\" \/><\/p>\n<p>Photojournalist born in Zaragoza in 1972. Graduate in Media Studies from the University of Navarra, Spain he has worked mostly covering conflicts, natural disasters (hurricane Mitch) and famines. Countries like the former <strong>Yugoslavia, Lebanon, Palestine, Democratic Republic of the Congo, Rwanda, Bolivia, Peru, Colombia and many others<\/strong>.<\/p>\n<p>The awards he has received include <span style=\"color: #ff6600\"><strong>the Teobaldo awards for Journalists in Navarra in 2010; Teobaldo award for best photograph in 2014; and the ONCE Solidarity Award, Navarra 2015.<\/strong><\/span> He has worked for various local and national press media and works with international news agencies and organisations such as ALBOAN.<\/p>\n","protected":false},"excerpt":{"rendered":"<p>Iv\u00e1n Ben\u00edtez Photojournalist born in Zaragoza in 1972. Graduate in Media Studies from the University of Navarra, Spain he has worked mostly covering conflicts, natural disasters (hurricane Mitch) and famines. Countries like the former Yugoslavia, Lebanon, Palestine, Democratic Republic of the Congo, Rwanda, Bolivia, Peru, Colombia and many others. The awards he has received include&#8230;<\/p>\n","protected":false},"author":9,"featured_media":0,"parent":0,"menu_order":0,"comment_status":"closed","ping_status":"closed","template":"","meta":{"_exactmetrics_skip_tracking":false,"_exactmetrics_sitenote_active":false,"_exactmetrics_sitenote_note":"","_exactmetrics_sitenote_category":0,"footnotes":""},"class_list":["post-138","page","type-page","status-publish","hentry"],"yoast_head":"<!-- This site is optimized with the Yoast SEO plugin v27.3 - https:\/\/yoast.com\/product\/yoast-seo-wordpress\/ -->\n<title>Iv\u00e1n Ben\u00edtez - Exhibition TLC<\/title>\n<meta name=\"robots\" content=\"index, follow, max-snippet:-1, max-image-preview:large, max-video-preview:-1\" \/>\n<link rel=\"canonical\" href=\"https:\/\/exposiciontlc.tecnologialibredeconflicto.org\/en\/ivan-benitez-2\/\" \/>\n<meta property=\"og:locale\" content=\"en_US\" \/>\n<meta property=\"og:type\" content=\"article\" \/>\n<meta property=\"og:title\" content=\"Iv\u00e1n Ben\u00edtez - Exhibition TLC\" \/>\n<meta property=\"og:description\" content=\"Iv\u00e1n Ben\u00edtez Photojournalist born in Zaragoza in 1972. Graduate in Media Studies from the University of Navarra, Spain he has worked mostly covering conflicts, natural disasters (hurricane Mitch) and famines. Countries like the former Yugoslavia, Lebanon, Palestine, Democratic Republic of the Congo, Rwanda, Bolivia, Peru, Colombia and many others. The awards he has received include...\" \/>\n<meta property=\"og:url\" content=\"https:\/\/exposiciontlc.tecnologialibredeconflicto.org\/en\/ivan-benitez-2\/\" \/>\n<meta property=\"og:site_name\" content=\"Exhibition TLC\" \/>\n<meta property=\"article:modified_time\" content=\"2018-02-25T08:54:53+00:00\" \/>\n<meta property=\"og:image\" content=\"https:\/\/exposiciontlc.tecnologialibredeconflicto.org\/wp-content\/uploads\/sites\/3\/2017\/06\/ivanBenitez.jpeg\" \/>\n\t<meta property=\"og:image:width\" content=\"333\" \/>\n\t<meta property=\"og:image:height\" content=\"500\" \/>\n\t<meta property=\"og:image:type\" content=\"image\/jpeg\" \/>\n<meta name=\"twitter:card\" content=\"summary_large_image\" \/>\n<script type=\"application\/ld+json\" class=\"yoast-schema-graph\">{\"@context\":\"https:\\\/\\\/schema.org\",\"@graph\":[{\"@type\":\"WebPage\",\"@id\":\"https:\\\/\\\/exposiciontlc.tecnologialibredeconflicto.org\\\/en\\\/ivan-benitez-2\\\/\",\"url\":\"https:\\\/\\\/exposiciontlc.tecnologialibredeconflicto.org\\\/en\\\/ivan-benitez-2\\\/\",\"name\":\"Iv\u00e1n Ben\u00edtez - Exhibition TLC\",\"isPartOf\":{\"@id\":\"https:\\\/\\\/exposiciontlc.tecnologialibredeconflicto.org\\\/en\\\/#website\"},\"primaryImageOfPage\":{\"@id\":\"https:\\\/\\\/exposiciontlc.tecnologialibredeconflicto.org\\\/en\\\/ivan-benitez-2\\\/#primaryimage\"},\"image\":{\"@id\":\"https:\\\/\\\/exposiciontlc.tecnologialibredeconflicto.org\\\/en\\\/ivan-benitez-2\\\/#primaryimage\"},\"thumbnailUrl\":\"http:\\\/\\\/exposiciontlc.tecnologialibredeconflicto.org\\\/wp-content\\\/uploads\\\/sites\\\/3\\\/2017\\\/06\\\/ivanBenitez.jpeg\",\"datePublished\":\"2017-06-20T11:18:15+00:00\",\"dateModified\":\"2018-02-25T08:54:53+00:00\",\"breadcrumb\":{\"@id\":\"https:\\\/\\\/exposiciontlc.tecnologialibredeconflicto.org\\\/en\\\/ivan-benitez-2\\\/#breadcrumb\"},\"inLanguage\":\"en-US\",\"potentialAction\":[{\"@type\":\"ReadAction\",\"target\":[\"https:\\\/\\\/exposiciontlc.tecnologialibredeconflicto.org\\\/en\\\/ivan-benitez-2\\\/\"]}]},{\"@type\":\"ImageObject\",\"inLanguage\":\"en-US\",\"@id\":\"https:\\\/\\\/exposiciontlc.tecnologialibredeconflicto.org\\\/en\\\/ivan-benitez-2\\\/#primaryimage\",\"url\":\"http:\\\/\\\/exposiciontlc.tecnologialibredeconflicto.org\\\/wp-content\\\/uploads\\\/sites\\\/3\\\/2017\\\/06\\\/ivanBenitez.jpeg\",\"contentUrl\":\"http:\\\/\\\/exposiciontlc.tecnologialibredeconflicto.org\\\/wp-content\\\/uploads\\\/sites\\\/3\\\/2017\\\/06\\\/ivanBenitez.jpeg\"},{\"@type\":\"BreadcrumbList\",\"@id\":\"https:\\\/\\\/exposiciontlc.tecnologialibredeconflicto.org\\\/en\\\/ivan-benitez-2\\\/#breadcrumb\",\"itemListElement\":[{\"@type\":\"ListItem\",\"position\":1,\"name\":\"Portada\",\"item\":\"https:\\\/\\\/exposiciontlc.tecnologialibredeconflicto.org\\\/en\\\/\"},{\"@type\":\"ListItem\",\"position\":2,\"name\":\"Iv\u00e1n Ben\u00edtez\"}]},{\"@type\":\"WebSite\",\"@id\":\"https:\\\/\\\/exposiciontlc.tecnologialibredeconflicto.org\\\/en\\\/#website\",\"url\":\"https:\\\/\\\/exposiciontlc.tecnologialibredeconflicto.org\\\/en\\\/\",\"name\":\"Exhibition TLC\",\"description\":\"Exposici\u00f3n sobre Tecnolog\u00eda Libre de Conflicto - Alboan\",\"potentialAction\":[{\"@type\":\"SearchAction\",\"target\":{\"@type\":\"EntryPoint\",\"urlTemplate\":\"https:\\\/\\\/exposiciontlc.tecnologialibredeconflicto.org\\\/en\\\/?s={search_term_string}\"},\"query-input\":{\"@type\":\"PropertyValueSpecification\",\"valueRequired\":true,\"valueName\":\"search_term_string\"}}],\"inLanguage\":\"en-US\"}]}<\/script>\n<!-- \/ Yoast SEO plugin. -->","yoast_head_json":{"title":"Iv\u00e1n Ben\u00edtez - Exhibition TLC","robots":{"index":"index","follow":"follow","max-snippet":"max-snippet:-1","max-image-preview":"max-image-preview:large","max-video-preview":"max-video-preview:-1"},"canonical":"https:\/\/exposiciontlc.tecnologialibredeconflicto.org\/en\/ivan-benitez-2\/","og_locale":"en_US","og_type":"article","og_title":"Iv\u00e1n Ben\u00edtez - Exhibition TLC","og_description":"Iv\u00e1n Ben\u00edtez Photojournalist born in Zaragoza in 1972. Graduate in Media Studies from the University of Navarra, Spain he has worked mostly covering conflicts, natural disasters (hurricane Mitch) and famines. Countries like the former Yugoslavia, Lebanon, Palestine, Democratic Republic of the Congo, Rwanda, Bolivia, Peru, Colombia and many others. The awards he has received include...","og_url":"https:\/\/exposiciontlc.tecnologialibredeconflicto.org\/en\/ivan-benitez-2\/","og_site_name":"Exhibition TLC","article_modified_time":"2018-02-25T08:54:53+00:00","og_image":[{"width":333,"height":500,"url":"https:\/\/exposiciontlc.tecnologialibredeconflicto.org\/wp-content\/uploads\/sites\/3\/2017\/06\/ivanBenitez.jpeg","type":"image\/jpeg"}],"twitter_card":"summary_large_image","schema":{"@context":"https:\/\/schema.org","@graph":[{"@type":"WebPage","@id":"https:\/\/exposiciontlc.tecnologialibredeconflicto.org\/en\/ivan-benitez-2\/","url":"https:\/\/exposiciontlc.tecnologialibredeconflicto.org\/en\/ivan-benitez-2\/","name":"Iv\u00e1n Ben\u00edtez - Exhibition TLC","isPartOf":{"@id":"https:\/\/exposiciontlc.tecnologialibredeconflicto.org\/en\/#website"},"primaryImageOfPage":{"@id":"https:\/\/exposiciontlc.tecnologialibredeconflicto.org\/en\/ivan-benitez-2\/#primaryimage"},"image":{"@id":"https:\/\/exposiciontlc.tecnologialibredeconflicto.org\/en\/ivan-benitez-2\/#primaryimage"},"thumbnailUrl":"http:\/\/exposiciontlc.tecnologialibredeconflicto.org\/wp-content\/uploads\/sites\/3\/2017\/06\/ivanBenitez.jpeg","datePublished":"2017-06-20T11:18:15+00:00","dateModified":"2018-02-25T08:54:53+00:00","breadcrumb":{"@id":"https:\/\/exposiciontlc.tecnologialibredeconflicto.org\/en\/ivan-benitez-2\/#breadcrumb"},"inLanguage":"en-US","potentialAction":[{"@type":"ReadAction","target":["https:\/\/exposiciontlc.tecnologialibredeconflicto.org\/en\/ivan-benitez-2\/"]}]},{"@type":"ImageObject","inLanguage":"en-US","@id":"https:\/\/exposiciontlc.tecnologialibredeconflicto.org\/en\/ivan-benitez-2\/#primaryimage","url":"http:\/\/exposiciontlc.tecnologialibredeconflicto.org\/wp-content\/uploads\/sites\/3\/2017\/06\/ivanBenitez.jpeg","contentUrl":"http:\/\/exposiciontlc.tecnologialibredeconflicto.org\/wp-content\/uploads\/sites\/3\/2017\/06\/ivanBenitez.jpeg"},{"@type":"BreadcrumbList","@id":"https:\/\/exposiciontlc.tecnologialibredeconflicto.org\/en\/ivan-benitez-2\/#breadcrumb","itemListElement":[{"@type":"ListItem","position":1,"name":"Portada","item":"https:\/\/exposiciontlc.tecnologialibredeconflicto.org\/en\/"},{"@type":"ListItem","position":2,"name":"Iv\u00e1n Ben\u00edtez"}]},{"@type":"WebSite","@id":"https:\/\/exposiciontlc.tecnologialibredeconflicto.org\/en\/#website","url":"https:\/\/exposiciontlc.tecnologialibredeconflicto.org\/en\/","name":"Exhibition TLC","description":"Exposici\u00f3n sobre Tecnolog\u00eda Libre de Conflicto - Alboan","potentialAction":[{"@type":"SearchAction","target":{"@type":"EntryPoint","urlTemplate":"https:\/\/exposiciontlc.tecnologialibredeconflicto.org\/en\/?s={search_term_string}"},"query-input":{"@type":"PropertyValueSpecification","valueRequired":true,"valueName":"search_term_string"}}],"inLanguage":"en-US"}]}},"_links":{"self":[{"href":"https:\/\/exposiciontlc.tecnologialibredeconflicto.org\/en\/wp-json\/wp\/v2\/pages\/138","targetHints":{"allow":["GET"]}}],"collection":[{"href":"https:\/\/exposiciontlc.tecnologialibredeconflicto.org\/en\/wp-json\/wp\/v2\/pages"}],"about":[{"href":"https:\/\/exposiciontlc.tecnologialibredeconflicto.org\/en\/wp-json\/wp\/v2\/types\/page"}],"author":[{"embeddable":true,"href":"https:\/\/exposiciontlc.tecnologialibredeconflicto.org\/en\/wp-json\/wp\/v2\/users\/9"}],"replies":[{"embeddable":true,"href":"https:\/\/exposiciontlc.tecnologialibredeconflicto.org\/en\/wp-json\/wp\/v2\/comments?post=138"}],"version-history":[{"count":3,"href":"https:\/\/exposiciontlc.tecnologialibredeconflicto.org\/en\/wp-json\/wp\/v2\/pages\/138\/revisions"}],"predecessor-version":[{"id":142,"href":"https:\/\/exposiciontlc.tecnologialibredeconflicto.org\/en\/wp-json\/wp\/v2\/pages\/138\/revisions\/142"}],"wp:attachment":[{"href":"https:\/\/exposiciontlc.tecnologialibredeconflicto.org\/en\/wp-json\/wp\/v2\/media?parent=138"}],"curies":[{"name":"wp","href":"https:\/\/api.w.org\/{rel}","templated":true}]}}