{"id":143,"date":"2017-06-20T11:20:30","date_gmt":"2017-06-20T11:20:30","guid":{"rendered":"http:\/\/exposiciontlc.tecnologialibredeconflicto.org\/?page_id=143"},"modified":"2018-02-25T08:55:06","modified_gmt":"2018-02-25T08:55:06","slug":"ivan-benitez-3","status":"publish","type":"page","link":"https:\/\/exposiciontlc.tecnologialibredeconflicto.org\/eu\/ivan-benitez-3\/","title":{"rendered":"Iv\u00e1n Ben\u00edtez"},"content":{"rendered":"<blockquote>\n<h2>Iv\u00e1n Ben\u00edtez<\/h2>\n<\/blockquote>\n<p><img loading=\"lazy\" decoding=\"async\" class=\"wp-image-133 alignleft\" src=\"http:\/\/exposiciontlc.tecnologialibredeconflicto.org\/wp-content\/uploads\/sites\/3\/2017\/06\/ivanBenitez.jpeg\" alt=\"\" width=\"157\" height=\"239\" \/><\/p>\n<p>Batez ere gatazkei, hondamendi naturalei (Mitch urakana) eta goseteei buruzko informazioa ematen egin du lan.<strong> Jugoslavia ohian, Libanon, Palestinan, Kongoko Errepublika Demokratikoan, Ruandan, Bolivian, Perun, Kolonbian eta beste hainbat herrialdetan<\/strong> ibili da.<\/p>\n<p>Jasotako sarien artean honako hauek nabarmentzen dira: <span style=\"color: #ff6600\"><strong>Nafarroako Kazetariaren 2010ko Teobaldo saria; argazki onenaren 2014ko Teobaldo saria; Nafarroako ONCEren 2015eko Solidario Saria<\/strong><\/span>. Tokiko eta estatuko hainbat hedabide inprimaturentzako lan egin du eta nazioarteko albiste-agentziekin eta beste hainbat erakunderekin kolaboratzen du, esaterako ALBOANekin.<\/p>\n<p>&nbsp;<\/p>\n","protected":false},"excerpt":{"rendered":"<p>Iv\u00e1n Ben\u00edtez Batez ere gatazkei, hondamendi naturalei (Mitch urakana) eta goseteei buruzko informazioa ematen egin du lan. Jugoslavia ohian, Libanon, Palestinan, Kongoko Errepublika Demokratikoan, Ruandan, Bolivian, Perun, Kolonbian eta beste hainbat herrialdetan ibili da. Jasotako sarien artean honako hauek nabarmentzen dira: Nafarroako Kazetariaren 2010ko Teobaldo saria; argazki onenaren 2014ko Teobaldo saria; Nafarroako ONCEren 2015eko Solidario&#8230;<\/p>\n","protected":false},"author":9,"featured_media":0,"parent":0,"menu_order":0,"comment_status":"closed","ping_status":"closed","template":"","meta":{"_exactmetrics_skip_tracking":false,"_exactmetrics_sitenote_active":false,"_exactmetrics_sitenote_note":"","_exactmetrics_sitenote_category":0,"footnotes":""},"class_list":["post-143","page","type-page","status-publish","hentry"],"yoast_head":"<!-- This site is optimized with the Yoast SEO plugin v27.3 - https:\/\/yoast.com\/product\/yoast-seo-wordpress\/ -->\n<title>Iv\u00e1n Ben\u00edtez - TLC Erakusketa<\/title>\n<meta name=\"robots\" content=\"index, follow, max-snippet:-1, max-image-preview:large, max-video-preview:-1\" \/>\n<link rel=\"canonical\" href=\"https:\/\/exposiciontlc.tecnologialibredeconflicto.org\/eu\/ivan-benitez-3\/\" \/>\n<meta property=\"og:locale\" content=\"en_US\" \/>\n<meta property=\"og:type\" content=\"article\" \/>\n<meta property=\"og:title\" content=\"Iv\u00e1n Ben\u00edtez - TLC Erakusketa\" \/>\n<meta property=\"og:description\" content=\"Iv\u00e1n Ben\u00edtez Batez ere gatazkei, hondamendi naturalei (Mitch urakana) eta goseteei buruzko informazioa ematen egin du lan. Jugoslavia ohian, Libanon, Palestinan, Kongoko Errepublika Demokratikoan, Ruandan, Bolivian, Perun, Kolonbian eta beste hainbat herrialdetan ibili da. Jasotako sarien artean honako hauek nabarmentzen dira: Nafarroako Kazetariaren 2010ko Teobaldo saria; argazki onenaren 2014ko Teobaldo saria; Nafarroako ONCEren 2015eko Solidario...\" \/>\n<meta property=\"og:url\" content=\"https:\/\/exposiciontlc.tecnologialibredeconflicto.org\/eu\/ivan-benitez-3\/\" \/>\n<meta property=\"og:site_name\" content=\"TLC Erakusketa\" \/>\n<meta property=\"article:modified_time\" content=\"2018-02-25T08:55:06+00:00\" \/>\n<meta property=\"og:image\" content=\"https:\/\/exposiciontlc.tecnologialibredeconflicto.org\/wp-content\/uploads\/sites\/3\/2017\/06\/ivanBenitez.jpeg\" \/>\n\t<meta property=\"og:image:width\" content=\"333\" \/>\n\t<meta property=\"og:image:height\" content=\"500\" \/>\n\t<meta property=\"og:image:type\" content=\"image\/jpeg\" \/>\n<meta name=\"twitter:card\" content=\"summary_large_image\" \/>\n<script type=\"application\/ld+json\" class=\"yoast-schema-graph\">{\"@context\":\"https:\\\/\\\/schema.org\",\"@graph\":[{\"@type\":\"WebPage\",\"@id\":\"https:\\\/\\\/exposiciontlc.tecnologialibredeconflicto.org\\\/eu\\\/ivan-benitez-3\\\/\",\"url\":\"https:\\\/\\\/exposiciontlc.tecnologialibredeconflicto.org\\\/eu\\\/ivan-benitez-3\\\/\",\"name\":\"Iv\u00e1n Ben\u00edtez - TLC Erakusketa\",\"isPartOf\":{\"@id\":\"https:\\\/\\\/exposiciontlc.tecnologialibredeconflicto.org\\\/en\\\/#website\"},\"primaryImageOfPage\":{\"@id\":\"https:\\\/\\\/exposiciontlc.tecnologialibredeconflicto.org\\\/eu\\\/ivan-benitez-3\\\/#primaryimage\"},\"image\":{\"@id\":\"https:\\\/\\\/exposiciontlc.tecnologialibredeconflicto.org\\\/eu\\\/ivan-benitez-3\\\/#primaryimage\"},\"thumbnailUrl\":\"http:\\\/\\\/exposiciontlc.tecnologialibredeconflicto.org\\\/wp-content\\\/uploads\\\/sites\\\/3\\\/2017\\\/06\\\/ivanBenitez.jpeg\",\"datePublished\":\"2017-06-20T11:20:30+00:00\",\"dateModified\":\"2018-02-25T08:55:06+00:00\",\"breadcrumb\":{\"@id\":\"https:\\\/\\\/exposiciontlc.tecnologialibredeconflicto.org\\\/eu\\\/ivan-benitez-3\\\/#breadcrumb\"},\"inLanguage\":\"eu\",\"potentialAction\":[{\"@type\":\"ReadAction\",\"target\":[\"https:\\\/\\\/exposiciontlc.tecnologialibredeconflicto.org\\\/eu\\\/ivan-benitez-3\\\/\"]}]},{\"@type\":\"ImageObject\",\"inLanguage\":\"eu\",\"@id\":\"https:\\\/\\\/exposiciontlc.tecnologialibredeconflicto.org\\\/eu\\\/ivan-benitez-3\\\/#primaryimage\",\"url\":\"http:\\\/\\\/exposiciontlc.tecnologialibredeconflicto.org\\\/wp-content\\\/uploads\\\/sites\\\/3\\\/2017\\\/06\\\/ivanBenitez.jpeg\",\"contentUrl\":\"http:\\\/\\\/exposiciontlc.tecnologialibredeconflicto.org\\\/wp-content\\\/uploads\\\/sites\\\/3\\\/2017\\\/06\\\/ivanBenitez.jpeg\"},{\"@type\":\"BreadcrumbList\",\"@id\":\"https:\\\/\\\/exposiciontlc.tecnologialibredeconflicto.org\\\/eu\\\/ivan-benitez-3\\\/#breadcrumb\",\"itemListElement\":[{\"@type\":\"ListItem\",\"position\":1,\"name\":\"Portada\",\"item\":\"https:\\\/\\\/exposiciontlc.tecnologialibredeconflicto.org\\\/eu\\\/\"},{\"@type\":\"ListItem\",\"position\":2,\"name\":\"Iv\u00e1n Ben\u00edtez\"}]},{\"@type\":\"WebSite\",\"@id\":\"https:\\\/\\\/exposiciontlc.tecnologialibredeconflicto.org\\\/en\\\/#website\",\"url\":\"https:\\\/\\\/exposiciontlc.tecnologialibredeconflicto.org\\\/en\\\/\",\"name\":\"TLC Erakusketa\",\"description\":\"Exposici\u00f3n sobre Tecnolog\u00eda Libre de Conflicto - Alboan\",\"potentialAction\":[{\"@type\":\"SearchAction\",\"target\":{\"@type\":\"EntryPoint\",\"urlTemplate\":\"https:\\\/\\\/exposiciontlc.tecnologialibredeconflicto.org\\\/en\\\/?s={search_term_string}\"},\"query-input\":{\"@type\":\"PropertyValueSpecification\",\"valueRequired\":true,\"valueName\":\"search_term_string\"}}],\"inLanguage\":\"eu\"}]}<\/script>\n<!-- \/ Yoast SEO plugin. -->","yoast_head_json":{"title":"Iv\u00e1n Ben\u00edtez - TLC Erakusketa","robots":{"index":"index","follow":"follow","max-snippet":"max-snippet:-1","max-image-preview":"max-image-preview:large","max-video-preview":"max-video-preview:-1"},"canonical":"https:\/\/exposiciontlc.tecnologialibredeconflicto.org\/eu\/ivan-benitez-3\/","og_locale":"en_US","og_type":"article","og_title":"Iv\u00e1n Ben\u00edtez - TLC Erakusketa","og_description":"Iv\u00e1n Ben\u00edtez Batez ere gatazkei, hondamendi naturalei (Mitch urakana) eta goseteei buruzko informazioa ematen egin du lan. Jugoslavia ohian, Libanon, Palestinan, Kongoko Errepublika Demokratikoan, Ruandan, Bolivian, Perun, Kolonbian eta beste hainbat herrialdetan ibili da. Jasotako sarien artean honako hauek nabarmentzen dira: Nafarroako Kazetariaren 2010ko Teobaldo saria; argazki onenaren 2014ko Teobaldo saria; Nafarroako ONCEren 2015eko Solidario...","og_url":"https:\/\/exposiciontlc.tecnologialibredeconflicto.org\/eu\/ivan-benitez-3\/","og_site_name":"TLC Erakusketa","article_modified_time":"2018-02-25T08:55:06+00:00","og_image":[{"width":333,"height":500,"url":"https:\/\/exposiciontlc.tecnologialibredeconflicto.org\/wp-content\/uploads\/sites\/3\/2017\/06\/ivanBenitez.jpeg","type":"image\/jpeg"}],"twitter_card":"summary_large_image","schema":{"@context":"https:\/\/schema.org","@graph":[{"@type":"WebPage","@id":"https:\/\/exposiciontlc.tecnologialibredeconflicto.org\/eu\/ivan-benitez-3\/","url":"https:\/\/exposiciontlc.tecnologialibredeconflicto.org\/eu\/ivan-benitez-3\/","name":"Iv\u00e1n Ben\u00edtez - TLC Erakusketa","isPartOf":{"@id":"https:\/\/exposiciontlc.tecnologialibredeconflicto.org\/en\/#website"},"primaryImageOfPage":{"@id":"https:\/\/exposiciontlc.tecnologialibredeconflicto.org\/eu\/ivan-benitez-3\/#primaryimage"},"image":{"@id":"https:\/\/exposiciontlc.tecnologialibredeconflicto.org\/eu\/ivan-benitez-3\/#primaryimage"},"thumbnailUrl":"http:\/\/exposiciontlc.tecnologialibredeconflicto.org\/wp-content\/uploads\/sites\/3\/2017\/06\/ivanBenitez.jpeg","datePublished":"2017-06-20T11:20:30+00:00","dateModified":"2018-02-25T08:55:06+00:00","breadcrumb":{"@id":"https:\/\/exposiciontlc.tecnologialibredeconflicto.org\/eu\/ivan-benitez-3\/#breadcrumb"},"inLanguage":"eu","potentialAction":[{"@type":"ReadAction","target":["https:\/\/exposiciontlc.tecnologialibredeconflicto.org\/eu\/ivan-benitez-3\/"]}]},{"@type":"ImageObject","inLanguage":"eu","@id":"https:\/\/exposiciontlc.tecnologialibredeconflicto.org\/eu\/ivan-benitez-3\/#primaryimage","url":"http:\/\/exposiciontlc.tecnologialibredeconflicto.org\/wp-content\/uploads\/sites\/3\/2017\/06\/ivanBenitez.jpeg","contentUrl":"http:\/\/exposiciontlc.tecnologialibredeconflicto.org\/wp-content\/uploads\/sites\/3\/2017\/06\/ivanBenitez.jpeg"},{"@type":"BreadcrumbList","@id":"https:\/\/exposiciontlc.tecnologialibredeconflicto.org\/eu\/ivan-benitez-3\/#breadcrumb","itemListElement":[{"@type":"ListItem","position":1,"name":"Portada","item":"https:\/\/exposiciontlc.tecnologialibredeconflicto.org\/eu\/"},{"@type":"ListItem","position":2,"name":"Iv\u00e1n Ben\u00edtez"}]},{"@type":"WebSite","@id":"https:\/\/exposiciontlc.tecnologialibredeconflicto.org\/en\/#website","url":"https:\/\/exposiciontlc.tecnologialibredeconflicto.org\/en\/","name":"TLC Erakusketa","description":"Exposici\u00f3n sobre Tecnolog\u00eda Libre de Conflicto - Alboan","potentialAction":[{"@type":"SearchAction","target":{"@type":"EntryPoint","urlTemplate":"https:\/\/exposiciontlc.tecnologialibredeconflicto.org\/en\/?s={search_term_string}"},"query-input":{"@type":"PropertyValueSpecification","valueRequired":true,"valueName":"search_term_string"}}],"inLanguage":"eu"}]}},"_links":{"self":[{"href":"https:\/\/exposiciontlc.tecnologialibredeconflicto.org\/eu\/wp-json\/wp\/v2\/pages\/143","targetHints":{"allow":["GET"]}}],"collection":[{"href":"https:\/\/exposiciontlc.tecnologialibredeconflicto.org\/eu\/wp-json\/wp\/v2\/pages"}],"about":[{"href":"https:\/\/exposiciontlc.tecnologialibredeconflicto.org\/eu\/wp-json\/wp\/v2\/types\/page"}],"author":[{"embeddable":true,"href":"https:\/\/exposiciontlc.tecnologialibredeconflicto.org\/eu\/wp-json\/wp\/v2\/users\/9"}],"replies":[{"embeddable":true,"href":"https:\/\/exposiciontlc.tecnologialibredeconflicto.org\/eu\/wp-json\/wp\/v2\/comments?post=143"}],"version-history":[{"count":2,"href":"https:\/\/exposiciontlc.tecnologialibredeconflicto.org\/eu\/wp-json\/wp\/v2\/pages\/143\/revisions"}],"predecessor-version":[{"id":666,"href":"https:\/\/exposiciontlc.tecnologialibredeconflicto.org\/eu\/wp-json\/wp\/v2\/pages\/143\/revisions\/666"}],"wp:attachment":[{"href":"https:\/\/exposiciontlc.tecnologialibredeconflicto.org\/eu\/wp-json\/wp\/v2\/media?parent=143"}],"curies":[{"name":"wp","href":"https:\/\/api.w.org\/{rel}","templated":true}]}}